{"id":25972,"date":"2026-01-18T08:23:17","date_gmt":"2026-01-18T08:23:17","guid":{"rendered":"https:\/\/golden-riviera.com\/?page_id=25972"},"modified":"2026-02-02T20:30:59","modified_gmt":"2026-02-02T20:30:59","slug":"rental-management","status":"publish","type":"page","link":"https:\/\/golden-riviera.com\/en\/gestion-locative\/","title":{"rendered":"Rental management"},"content":{"rendered":"<div data-elementor-type=\"wp-page\" data-elementor-id=\"25972\" class=\"elementor elementor-25972\">\n\t\t\t\t<div class=\"elementor-element elementor-element-3750a41 e-con-full thegem-e-con-layout-thegem e-flex e-con e-parent\" data-id=\"3750a41\" data-element_type=\"container\" data-e-type=\"container\" data-settings=\"{&quot;background_background&quot;:&quot;classic&quot;,&quot;thegem_container_layout&quot;:&quot;thegem&quot;}\">\r\n\t\t\t\t<\/div>\n\t\t<div class=\"elementor-element elementor-element-ed93ad9 thegem-e-con-layout-thegem e-flex e-con-boxed e-con e-parent\" data-id=\"ed93ad9\" data-element_type=\"container\" data-e-type=\"container\" data-settings=\"{&quot;background_background&quot;:&quot;classic&quot;,&quot;thegem_container_layout&quot;:&quot;thegem&quot;}\">\r\n\t\t\t\t\t<div class=\"e-con-inner\">\r\n\t\t\t\t<div class=\"elementor-element elementor-element-dfb44d9 flex-horizontal-align-default flex-horizontal-align-tablet-default flex-horizontal-align-mobile-default flex-vertical-align-default flex-vertical-align-tablet-default flex-vertical-align-mobile-default elementor-widget elementor-widget-menu-anchor\" data-id=\"dfb44d9\" data-element_type=\"widget\" data-e-type=\"widget\" data-widget_type=\"menu-anchor.default\">\n\t\t\t\t\t\t\t<div class=\"elementor-menu-anchor\" id=\"apropos\"><\/div>\n\t\t\t\t\t\t<\/div>\n\t\t\t\t<div class=\"elementor-element elementor-element-f9ea57b e-transform animated-slow flex-horizontal-align-default flex-horizontal-align-tablet-default flex-horizontal-align-mobile-default flex-vertical-align-default flex-vertical-align-tablet-default flex-vertical-align-mobile-default elementor-invisible elementor-widget elementor-widget-thegem-styled-textbox\" data-id=\"f9ea57b\" data-element_type=\"widget\" data-e-type=\"widget\" data-settings=\"{&quot;_animation&quot;:&quot;fadeIn&quot;,&quot;thegem_elementor_preset&quot;:&quot;basic&quot;,&quot;_transform_translateX_effect&quot;:{&quot;unit&quot;:&quot;px&quot;,&quot;size&quot;:&quot;&quot;,&quot;sizes&quot;:[]},&quot;_transform_translateX_effect_tablet&quot;:{&quot;unit&quot;:&quot;px&quot;,&quot;size&quot;:&quot;&quot;,&quot;sizes&quot;:[]},&quot;_transform_translateX_effect_mobile&quot;:{&quot;unit&quot;:&quot;px&quot;,&quot;size&quot;:&quot;&quot;,&quot;sizes&quot;:[]},&quot;_transform_translateY_effect&quot;:{&quot;unit&quot;:&quot;px&quot;,&quot;size&quot;:&quot;&quot;,&quot;sizes&quot;:[]},&quot;_transform_translateY_effect_tablet&quot;:{&quot;unit&quot;:&quot;px&quot;,&quot;size&quot;:&quot;&quot;,&quot;sizes&quot;:[]},&quot;_transform_translateY_effect_mobile&quot;:{&quot;unit&quot;:&quot;px&quot;,&quot;size&quot;:&quot;&quot;,&quot;sizes&quot;:[]}}\" data-widget_type=\"thegem-styled-textbox.default\">\n\t\t\t\t<div class=\"elementor-widget-container\">\n\t\t\t\t\t\n<div class=\"gem-textbox styled-textbox-basic\">\n\n\t\n\t\t<div class=\"gem-textbox-top gem-textbox-top-none default-fill\">\n\t\t\t\t\t<\/div>\n\t\n\t<div class=\"gem-textbox-inner\">\n\n\t\t<div class=\"gem-textbox-content default-background icon-top gem-textbox-icon-image-wrapping-none\">\n\n\t\t\t\t\t\t\t<div class=\"gem-texbox-icon-image-wrapper\">\n\n\t\t\t\t\t\t\t\t\t\t\t<div class=\"gem-image\">\n\t\t\t\t\t\t\t<span>\n\t\t\t\t\t\t\t\t<img width=\"297\" height=\"134\" src=\"https:\/\/golden-riviera.com\/wp-content\/uploads\/2025\/12\/grp-vagues.png\" class=\"attachment-large size-large wp-image-9637\" alt=\"\" \/>\t\t\t\t\t\t\t<\/span>\n\t\t\t\t\t\t<\/div>\n\n\t\t\t\t\t\n\t\t\t\t\t\n\t\t\t\t<\/div>\n\t\t\t\n\t\t\t<div class=\"gem-texbox-text-wrapper\">\n\n\t\t\t\t\t\t\t\t\t\n\t\t\t\t\t\t<h4 class=\"gem-textbox-title title-h4 bold\">\n\t\t\t\t\t\t\tEntrust us with the management of your property with complete peace of mind\t\t\t\t\t\t<\/h4>\n\n\t\t\t\t\t\n\t\t\t\t\t\n\t\t\t\t\t\t<div class=\"gem-textbox-description gem-text-output\">\n\t\t\t\t\t\t\t<p>At Golden Riviera Properties, we handle the rental management of your property with rigour, discretion and efficiency. From finding reliable tenants to routine maintenance and administrative support, our team will take care of everything, in your best interests.<\/p><p>Thanks to our personalised support, you'll benefit from optimised profitability, without the constraints of day-to-day management.<\/p>\t\t\t\t\t\t<\/div>\n\n\t\t\t\t\t\n\t\t\t\t\n\t\t\t\t\n\t\t\t<\/div>\n\n\t\t<\/div>\n\n\t<\/div>\n\n\t\n\t\t<div class=\"gem-textbox-bottom gem-textbox-bottom-none default-fill\">\n\t\t\t\t<\/div>\n\t\n\t\n<\/div>\n\t\t\t\t<\/div>\n\t\t\t\t<\/div>\n\t\t\t\t\t<\/div>\n\t\t\t\t<\/div>\n\t\t\t\t<\/div>","protected":false},"excerpt":{"rendered":"<p>Confiez-nous la gestion de votre bien en toute s\u00e9r\u00e9nit\u00e9 Chez Golden Riviera Properties, nous prenons en charge la gestion locative&#8230;<\/p>","protected":false},"author":1,"featured_media":0,"parent":0,"menu_order":0,"comment_status":"closed","ping_status":"closed","template":"page-fullwidth.php","meta":{"_acf_changed":false,"footnotes":""},"class_list":["post-25972","page","type-page","status-publish"],"acf":[],"_links":{"self":[{"href":"https:\/\/golden-riviera.com\/en\/wp-json\/wp\/v2\/pages\/25972","targetHints":{"allow":["GET"]}}],"collection":[{"href":"https:\/\/golden-riviera.com\/en\/wp-json\/wp\/v2\/pages"}],"about":[{"href":"https:\/\/golden-riviera.com\/en\/wp-json\/wp\/v2\/types\/page"}],"author":[{"embeddable":true,"href":"https:\/\/golden-riviera.com\/en\/wp-json\/wp\/v2\/users\/1"}],"replies":[{"embeddable":true,"href":"https:\/\/golden-riviera.com\/en\/wp-json\/wp\/v2\/comments?post=25972"}],"version-history":[{"count":19,"href":"https:\/\/golden-riviera.com\/en\/wp-json\/wp\/v2\/pages\/25972\/revisions"}],"predecessor-version":[{"id":26333,"href":"https:\/\/golden-riviera.com\/en\/wp-json\/wp\/v2\/pages\/25972\/revisions\/26333"}],"wp:attachment":[{"href":"https:\/\/golden-riviera.com\/en\/wp-json\/wp\/v2\/media?parent=25972"}],"curies":[{"name":"wp","href":"https:\/\/api.w.org\/{rel}","templated":true}]}}