{"id":26606,"date":"2026-02-22T15:10:33","date_gmt":"2026-02-22T15:10:33","guid":{"rendered":"https:\/\/golden-riviera.com\/?page_id=26606"},"modified":"2026-02-26T08:06:41","modified_gmt":"2026-02-26T08:06:41","slug":"legal-information","status":"publish","type":"page","link":"https:\/\/golden-riviera.com\/en\/mentionslegales\/","title":{"rendered":"Mentions l\u00e9gales"},"content":{"rendered":"<div data-elementor-type=\"wp-page\" data-elementor-id=\"26606\" class=\"elementor elementor-26606\">\n\t\t\t\t\t\t<section class=\"elementor-section elementor-top-section elementor-element elementor-element-3371816 elementor-section-stretched elementor-section-boxed elementor-section-height-default elementor-section-height-default\" data-id=\"3371816\" data-element_type=\"section\" data-e-type=\"section\" data-settings=\"{&quot;background_background&quot;:&quot;classic&quot;,&quot;stretch_section&quot;:&quot;section-stretched&quot;}\">\r\n\t\t\t\t\t\t<div class=\"elementor-container elementor-column-gap-thegem\"><div class=\"elementor-row\">\r\n\t\t\t\t\t<div class=\"elementor-column elementor-col-100 elementor-top-column elementor-element elementor-element-afed6f1\" data-id=\"afed6f1\" data-element_type=\"column\" data-e-type=\"column\">\n\t\t\t<div class=\"elementor-widget-wrap elementor-element-populated\">\n\t\t\t\t\t\t<div class=\"elementor-element elementor-element-29bec5d e-transform animated-slow flex-horizontal-align-default flex-horizontal-align-tablet-default flex-horizontal-align-mobile-default flex-vertical-align-default flex-vertical-align-tablet-default flex-vertical-align-mobile-default elementor-invisible elementor-widget elementor-widget-thegem-styled-textbox\" data-id=\"29bec5d\" data-element_type=\"widget\" data-e-type=\"widget\" data-settings=\"{&quot;_animation&quot;:&quot;fadeIn&quot;,&quot;thegem_elementor_preset&quot;:&quot;basic&quot;,&quot;_transform_translateX_effect&quot;:{&quot;unit&quot;:&quot;px&quot;,&quot;size&quot;:&quot;&quot;,&quot;sizes&quot;:[]},&quot;_transform_translateX_effect_tablet&quot;:{&quot;unit&quot;:&quot;px&quot;,&quot;size&quot;:&quot;&quot;,&quot;sizes&quot;:[]},&quot;_transform_translateX_effect_mobile&quot;:{&quot;unit&quot;:&quot;px&quot;,&quot;size&quot;:&quot;&quot;,&quot;sizes&quot;:[]},&quot;_transform_translateY_effect&quot;:{&quot;unit&quot;:&quot;px&quot;,&quot;size&quot;:&quot;&quot;,&quot;sizes&quot;:[]},&quot;_transform_translateY_effect_tablet&quot;:{&quot;unit&quot;:&quot;px&quot;,&quot;size&quot;:&quot;&quot;,&quot;sizes&quot;:[]},&quot;_transform_translateY_effect_mobile&quot;:{&quot;unit&quot;:&quot;px&quot;,&quot;size&quot;:&quot;&quot;,&quot;sizes&quot;:[]}}\" data-widget_type=\"thegem-styled-textbox.default\">\n\t\t\t\t<div class=\"elementor-widget-container\">\n\t\t\t\t\t\n<div class=\"gem-textbox styled-textbox-basic\">\n\n\t\n\t\t<div class=\"gem-textbox-top gem-textbox-top-none default-fill\">\n\t\t\t\t\t<\/div>\n\t\n\t<div class=\"gem-textbox-inner\">\n\n\t\t<div class=\"gem-textbox-content default-background icon-top gem-textbox-icon-image-wrapping-none\">\n\n\t\t\t\t\t\t\t<div class=\"gem-texbox-icon-image-wrapper\">\n\n\t\t\t\t\t\t\t\t\t\t\t<div class=\"gem-image\">\n\t\t\t\t\t\t\t<span>\n\t\t\t\t\t\t\t\t<img width=\"297\" height=\"134\" src=\"https:\/\/golden-riviera.com\/wp-content\/uploads\/2025\/12\/grp-vagues.png\" class=\"attachment-large size-large wp-image-9637\" alt=\"\" \/>\t\t\t\t\t\t\t<\/span>\n\t\t\t\t\t\t<\/div>\n\n\t\t\t\t\t\n\t\t\t\t\t\n\t\t\t\t<\/div>\n\t\t\t\n\t\t\t<div class=\"gem-texbox-text-wrapper\">\n\n\t\t\t\t\t\t\t\t\t\n\t\t\t\t\t\t<h4 class=\"gem-textbox-title title-h4 bold\">\n\t\t\t\t\t\t\tLEGAL INFORMATION\t\t\t\t\t\t<\/h4>\n\n\t\t\t\t\t\n\t\t\t\t\t\n\t\t\t\t\t\t<div class=\"gem-textbox-description gem-text-output\">\n\t\t\t\t\t\t\t<p>In accordance with the provisions of articles 6-III and 19 of the law for Confidence in the Digital Economy, as well as the decree of 10 January 2017 relating to consumer information by professionals involved in a property transaction. Please note that our price list is available on our website, or on request by e-mail, post, telephone or from the contact section.<\/p><p style=\"text-align: center\"><strong>1 - THE SITE EDITOR<\/strong><\/p><p>Golden Riviera Properties is a limited liability company (SARL) with a share capital of \u20ac5,000 whose registered office is located at :<\/p><p>GOLDEN RIVIERA PROPERTIES<br \/>50 Boulevard Stalingrad, Office 03<br \/>06100 - Nice<br \/>France<\/p><p>Registered with the RCS of Nice :<br \/>SIRET : 320 864 00022<br \/>APE Code: 6831Z<br \/>VAT NUMBER: FR92890320864<\/p><p>Financial guarantees :<br \/>In transaction: \u20ac120,000 (One hundred and twenty thousand euros)<br \/>Management: \u20ac120,000 (One hundred and twenty thousand euros)<br \/>RCP : MMA<\/p><p>Represented by Ms Fleur VON PROHASKA (President &amp; Publication Manager)<br \/>Business card: 06052020000045 (Issued by the CCI des Alpes-Maritimes)<br \/>Email : fleur@golden-riviera.com<br \/>Telephone: +33 6 76 65 84 17<\/p><p>\u00a0<\/p><p><strong>2 - THE SITE HOST<\/strong><\/p><p>The golden-riviera.com website is hosted by Infomaniak<\/p><p>Postal address:<br \/>Infomaniak Network SA<br \/>Rue Eug\u00e8ne Marziano 25<br \/>1227 Les Acacias (GE)<\/p><p>Address of the host site :<br \/>www.infomaniak.com<\/p><p>The web host's contact details are available on its own website.<\/p><p><strong>3 - PROCESSING OF PERSONAL DATA<\/strong><\/p><p>Use of the site is subject to compliance with the conditions below. Accessing and browsing the site implies acceptance of these conditions:<\/p><p>Site: refers to the website you access from your Internet browser<\/p><p>The Agency: refers to the real estate agency(ies) present on the website, which publishes the advertisements and collects the data entered by the Internet user on the contact forms.<\/p><p>The following personal data may be collected on the Site:<\/p><p>Cookies: Cookies are used when you use the Site in order to collect certain information (in particular, your IP address, information relating to the computer used for browsing, the connection method, the type and version of Internet browser, the operating system and other technical identifiers or the URL address of connections, including the date and time, as well as the content accessed). You can deactivate cookies using your browser settings.<br \/>Contact form: When you fill in the contact form, we collect your surname, first name, e-mail address and your message.<\/p><p>The main uses of your personal data are as follows:<\/p><p>managing your relationship with us ;<br \/>providing personalised content and services based on your browsing history, preferences and interests; ;<\/p><p>Where certain information is compulsory in order to access specific functionalities of the Site, this compulsory nature is indicated at the time the data is entered. If you refuse to provide mandatory information, you may not be able to access certain services, features or sections of the Site.<\/p><p>Your personal information will be kept for a period not exceeding 36 months, unless :<\/p><p>Under the conditions set out below, you may exercise one of the rights granted to you by law; ;<br \/>A longer retention period is authorised or imposed by virtue of a legal or regulatory provision; ;<br \/>This lease may be renewed if you continue the commercial relationship.<\/p><p>During this period, the Site puts in place the organisational, software, legal, technical and physical means to ensure the confidentiality and security of your personal data, so as to prevent it from being damaged, deleted or accessed by unauthorised third parties.<\/p><p>\u00a0<\/p><p><strong>4 - USE OF COOKIES<\/strong><\/p><p>WHAT IS A COOKIE?<\/p><p>A cookie is a small text file that websites save on your computer or mobile device when you visit them. It enables these sites to remember your actions and preferences (user name, language, font size and other display settings) for a given period of time, so that you do not have to re-enter this information each time you visit these sites or navigate from one page to another.<\/p><p>HOW CAN I DEACTIVATE COOKIES?<\/p><p>You can control and\/or delete cookies as you wish. To find out more, visit <a href=\"http:\/\/www.aboutcookies.org\/\">aboutcookies.org<\/a>. You can delete all cookies already stored on your computer and configure most browsers to block them. However, in this case, you may have to indicate certain preferences yourself each time you visit a site, and certain services and functions may not be accessible.<\/p><p>WHY DO WE USE COOKIES?<\/p><p>We use cookies to<\/p><p>Managing your preferences when browsing the site<\/p><p>To improve our services and enable audience measurement<\/p><p>Other cookies may be added by third-party applications such as social network sharing buttons.<\/p>\t\t\t\t\t\t<\/div>\n\n\t\t\t\t\t\n\t\t\t\t\n\t\t\t\t\n\t\t\t<\/div>\n\n\t\t<\/div>\n\n\t<\/div>\n\n\t\n\t\t<div class=\"gem-textbox-bottom gem-textbox-bottom-none default-fill\">\n\t\t\t\t<\/div>\n\t\n\t\n<\/div>\n\t\t\t\t<\/div>\n\t\t\t\t<\/div>\n\t\t\t\t\t<\/div>\n\t\t<\/div>\n\t\t\t\t\t<\/div><\/div>\r\n\t\t<\/section>\r\n\t\t\t\t<\/div>","protected":false},"excerpt":{"rendered":"<p>MENTIONS LEGALES Conform\u00e9ment aux dispositions des articles 6-III et 19 de la loi pour la Confiance dans l&rsquo;\u00c9conomie Num\u00e9rique, ainsi&#8230;<\/p>","protected":false},"author":1,"featured_media":0,"parent":0,"menu_order":0,"comment_status":"closed","ping_status":"closed","template":"page-fullwidth.php","meta":{"_acf_changed":false,"footnotes":""},"class_list":["post-26606","page","type-page","status-publish"],"acf":[],"jetpack_sharing_enabled":true,"_links":{"self":[{"href":"https:\/\/golden-riviera.com\/en\/wp-json\/wp\/v2\/pages\/26606","targetHints":{"allow":["GET"]}}],"collection":[{"href":"https:\/\/golden-riviera.com\/en\/wp-json\/wp\/v2\/pages"}],"about":[{"href":"https:\/\/golden-riviera.com\/en\/wp-json\/wp\/v2\/types\/page"}],"author":[{"embeddable":true,"href":"https:\/\/golden-riviera.com\/en\/wp-json\/wp\/v2\/users\/1"}],"replies":[{"embeddable":true,"href":"https:\/\/golden-riviera.com\/en\/wp-json\/wp\/v2\/comments?post=26606"}],"version-history":[{"count":82,"href":"https:\/\/golden-riviera.com\/en\/wp-json\/wp\/v2\/pages\/26606\/revisions"}],"predecessor-version":[{"id":26697,"href":"https:\/\/golden-riviera.com\/en\/wp-json\/wp\/v2\/pages\/26606\/revisions\/26697"}],"wp:attachment":[{"href":"https:\/\/golden-riviera.com\/en\/wp-json\/wp\/v2\/media?parent=26606"}],"curies":[{"name":"wp","href":"https:\/\/api.w.org\/{rel}","templated":true}]}}