{"id":25972,"date":"2026-01-18T08:23:17","date_gmt":"2026-01-18T08:23:17","guid":{"rendered":"https:\/\/golden-riviera.com\/?page_id=25972"},"modified":"2026-02-02T20:30:59","modified_gmt":"2026-02-02T20:30:59","slug":"%e7%a7%9f%e8%b5%81%e7%ae%a1%e7%90%86","status":"publish","type":"page","link":"https:\/\/golden-riviera.com\/zh\/gestion-locative\/","title":{"rendered":"\u79df\u8d41\u7ba1\u7406"},"content":{"rendered":"<div data-elementor-type=\"wp-page\" data-elementor-id=\"25972\" class=\"elementor elementor-25972\">\n\t\t\t\t<div class=\"elementor-element elementor-element-3750a41 e-con-full thegem-e-con-layout-thegem e-flex e-con e-parent\" data-id=\"3750a41\" data-element_type=\"container\" data-e-type=\"container\" data-settings=\"{&quot;background_background&quot;:&quot;classic&quot;,&quot;thegem_container_layout&quot;:&quot;thegem&quot;}\">\r\n\t\t\t\t<\/div>\n\t\t<div class=\"elementor-element elementor-element-ed93ad9 thegem-e-con-layout-thegem e-flex e-con-boxed e-con e-parent\" data-id=\"ed93ad9\" data-element_type=\"container\" data-e-type=\"container\" data-settings=\"{&quot;background_background&quot;:&quot;classic&quot;,&quot;thegem_container_layout&quot;:&quot;thegem&quot;}\">\r\n\t\t\t\t\t<div class=\"e-con-inner\">\r\n\t\t\t\t<div class=\"elementor-element elementor-element-dfb44d9 flex-horizontal-align-default flex-horizontal-align-tablet-default flex-horizontal-align-mobile-default flex-vertical-align-default flex-vertical-align-tablet-default flex-vertical-align-mobile-default elementor-widget elementor-widget-menu-anchor\" data-id=\"dfb44d9\" data-element_type=\"widget\" data-e-type=\"widget\" data-widget_type=\"menu-anchor.default\">\n\t\t\t\t\t\t\t<div class=\"elementor-menu-anchor\" id=\"apropos\"><\/div>\n\t\t\t\t\t\t<\/div>\n\t\t\t\t<div class=\"elementor-element elementor-element-f9ea57b e-transform animated-slow flex-horizontal-align-default flex-horizontal-align-tablet-default flex-horizontal-align-mobile-default flex-vertical-align-default flex-vertical-align-tablet-default flex-vertical-align-mobile-default elementor-invisible elementor-widget elementor-widget-thegem-styled-textbox\" data-id=\"f9ea57b\" data-element_type=\"widget\" data-e-type=\"widget\" data-settings=\"{&quot;_animation&quot;:&quot;fadeIn&quot;,&quot;thegem_elementor_preset&quot;:&quot;basic&quot;,&quot;_transform_translateX_effect&quot;:{&quot;unit&quot;:&quot;px&quot;,&quot;size&quot;:&quot;&quot;,&quot;sizes&quot;:[]},&quot;_transform_translateX_effect_tablet&quot;:{&quot;unit&quot;:&quot;px&quot;,&quot;size&quot;:&quot;&quot;,&quot;sizes&quot;:[]},&quot;_transform_translateX_effect_mobile&quot;:{&quot;unit&quot;:&quot;px&quot;,&quot;size&quot;:&quot;&quot;,&quot;sizes&quot;:[]},&quot;_transform_translateY_effect&quot;:{&quot;unit&quot;:&quot;px&quot;,&quot;size&quot;:&quot;&quot;,&quot;sizes&quot;:[]},&quot;_transform_translateY_effect_tablet&quot;:{&quot;unit&quot;:&quot;px&quot;,&quot;size&quot;:&quot;&quot;,&quot;sizes&quot;:[]},&quot;_transform_translateY_effect_mobile&quot;:{&quot;unit&quot;:&quot;px&quot;,&quot;size&quot;:&quot;&quot;,&quot;sizes&quot;:[]}}\" data-widget_type=\"thegem-styled-textbox.default\">\n\t\t\t\t<div class=\"elementor-widget-container\">\n\t\t\t\t\t\n<div class=\"gem-textbox styled-textbox-basic\">\n\n\t\n\t\t<div class=\"gem-textbox-top gem-textbox-top-none default-fill\">\n\t\t\t\t\t<\/div>\n\t\n\t<div class=\"gem-textbox-inner\">\n\n\t\t<div class=\"gem-textbox-content default-background icon-top gem-textbox-icon-image-wrapping-none\">\n\n\t\t\t\t\t\t\t<div class=\"gem-texbox-icon-image-wrapper\">\n\n\t\t\t\t\t\t\t\t\t\t\t<div class=\"gem-image\">\n\t\t\t\t\t\t\t<span>\n\t\t\t\t\t\t\t\t<img width=\"297\" height=\"134\" src=\"https:\/\/golden-riviera.com\/wp-content\/uploads\/2025\/12\/grp-vagues.png\" class=\"attachment-large size-large wp-image-9637\" alt=\"\" \/>\t\t\t\t\t\t\t<\/span>\n\t\t\t\t\t\t<\/div>\n\n\t\t\t\t\t\n\t\t\t\t\t\n\t\t\t\t<\/div>\n\t\t\t\n\t\t\t<div class=\"gem-texbox-text-wrapper\">\n\n\t\t\t\t\t\t\t\t\t\n\t\t\t\t\t\t<h4 class=\"gem-textbox-title title-h4 bold\">\n\t\t\t\t\t\t\t\u59d4\u6258\u6211\u4eec\u7ba1\u7406\u60a8\u7684\u7269\u4e1a\uff0c\u8ba9\u60a8\u9ad8\u6795\u65e0\u5fe7\t\t\t\t\t\t<\/h4>\n\n\t\t\t\t\t\n\t\t\t\t\t\n\t\t\t\t\t\t<div class=\"gem-textbox-description gem-text-output\">\n\t\t\t\t\t\t\t<p>\u5728 Golden Riviera Properties\uff0c\u6211\u4eec\u4ee5\u4e25\u8c28\u3001\u8c28\u614e\u548c\u9ad8\u6548\u7684\u6001\u5ea6\u4e3a\u60a8\u63d0\u4f9b\u7269\u4e1a\u79df\u8d41\u7ba1\u7406\u670d\u52a1\u3002\u4ece\u5bfb\u627e\u53ef\u9760\u7684\u79df\u6237\u5230\u65e5\u5e38\u7ef4\u62a4\u548c\u884c\u653f\u652f\u6301\uff0c\u6211\u4eec\u7684\u56e2\u961f\u5c06\u4ece\u60a8\u7684\u6700\u4f73\u5229\u76ca\u51fa\u53d1\uff0c\u4e3a\u60a8\u6253\u7406\u4e00\u5207\u3002.<\/p><p>\u5f97\u76ca\u4e8e\u6211\u4eec\u7684\u4e2a\u6027\u5316\u652f\u6301\uff0c\u60a8\u5c06\u4ece\u4f18\u5316\u7684\u76c8\u5229\u80fd\u529b\u4e2d\u83b7\u76ca\uff0c\u800c\u4e0d\u53d7\u65e5\u5e38\u7ba1\u7406\u7684\u9650\u5236\u3002.<\/p>\t\t\t\t\t\t<\/div>\n\n\t\t\t\t\t\n\t\t\t\t\n\t\t\t\t\n\t\t\t<\/div>\n\n\t\t<\/div>\n\n\t<\/div>\n\n\t\n\t\t<div class=\"gem-textbox-bottom gem-textbox-bottom-none default-fill\">\n\t\t\t\t<\/div>\n\t\n\t\n<\/div>\n\t\t\t\t<\/div>\n\t\t\t\t<\/div>\n\t\t\t\t\t<\/div>\n\t\t\t\t<\/div>\n\t\t\t\t<\/div>","protected":false},"excerpt":{"rendered":"<p>Confiez-nous la gestion de votre bien en toute s\u00e9r\u00e9nit\u00e9 Chez Golden Riviera Properties, nous prenons en charge la gestion locative&#8230;<\/p>","protected":false},"author":1,"featured_media":0,"parent":0,"menu_order":0,"comment_status":"closed","ping_status":"closed","template":"page-fullwidth.php","meta":{"_acf_changed":false,"footnotes":""},"class_list":["post-25972","page","type-page","status-publish"],"acf":[],"_links":{"self":[{"href":"https:\/\/golden-riviera.com\/zh\/wp-json\/wp\/v2\/pages\/25972","targetHints":{"allow":["GET"]}}],"collection":[{"href":"https:\/\/golden-riviera.com\/zh\/wp-json\/wp\/v2\/pages"}],"about":[{"href":"https:\/\/golden-riviera.com\/zh\/wp-json\/wp\/v2\/types\/page"}],"author":[{"embeddable":true,"href":"https:\/\/golden-riviera.com\/zh\/wp-json\/wp\/v2\/users\/1"}],"replies":[{"embeddable":true,"href":"https:\/\/golden-riviera.com\/zh\/wp-json\/wp\/v2\/comments?post=25972"}],"version-history":[{"count":19,"href":"https:\/\/golden-riviera.com\/zh\/wp-json\/wp\/v2\/pages\/25972\/revisions"}],"predecessor-version":[{"id":26333,"href":"https:\/\/golden-riviera.com\/zh\/wp-json\/wp\/v2\/pages\/25972\/revisions\/26333"}],"wp:attachment":[{"href":"https:\/\/golden-riviera.com\/zh\/wp-json\/wp\/v2\/media?parent=25972"}],"curies":[{"name":"wp","href":"https:\/\/api.w.org\/{rel}","templated":true}]}}