{"id":26606,"date":"2026-02-22T15:10:33","date_gmt":"2026-02-22T15:10:33","guid":{"rendered":"https:\/\/golden-riviera.com\/?page_id=26606"},"modified":"2026-02-26T08:06:41","modified_gmt":"2026-02-26T08:06:41","slug":"%e6%b3%95%e5%be%8b%e4%bf%a1%e6%81%af","status":"publish","type":"page","link":"https:\/\/golden-riviera.com\/zh\/mentionslegales\/","title":{"rendered":"Mentions l\u00e9gales"},"content":{"rendered":"<div data-elementor-type=\"wp-page\" data-elementor-id=\"26606\" class=\"elementor elementor-26606\">\n\t\t\t\t\t\t<section class=\"elementor-section elementor-top-section elementor-element elementor-element-3371816 elementor-section-stretched elementor-section-boxed elementor-section-height-default elementor-section-height-default\" data-id=\"3371816\" data-element_type=\"section\" data-e-type=\"section\" data-settings=\"{&quot;background_background&quot;:&quot;classic&quot;,&quot;stretch_section&quot;:&quot;section-stretched&quot;}\">\r\n\t\t\t\t\t\t<div class=\"elementor-container elementor-column-gap-thegem\"><div class=\"elementor-row\">\r\n\t\t\t\t\t<div class=\"elementor-column elementor-col-100 elementor-top-column elementor-element elementor-element-afed6f1\" data-id=\"afed6f1\" data-element_type=\"column\" data-e-type=\"column\">\n\t\t\t<div class=\"elementor-widget-wrap elementor-element-populated\">\n\t\t\t\t\t\t<div class=\"elementor-element elementor-element-29bec5d e-transform animated-slow flex-horizontal-align-default flex-horizontal-align-tablet-default flex-horizontal-align-mobile-default flex-vertical-align-default flex-vertical-align-tablet-default flex-vertical-align-mobile-default elementor-invisible elementor-widget elementor-widget-thegem-styled-textbox\" data-id=\"29bec5d\" data-element_type=\"widget\" data-e-type=\"widget\" data-settings=\"{&quot;_animation&quot;:&quot;fadeIn&quot;,&quot;thegem_elementor_preset&quot;:&quot;basic&quot;,&quot;_transform_translateX_effect&quot;:{&quot;unit&quot;:&quot;px&quot;,&quot;size&quot;:&quot;&quot;,&quot;sizes&quot;:[]},&quot;_transform_translateX_effect_tablet&quot;:{&quot;unit&quot;:&quot;px&quot;,&quot;size&quot;:&quot;&quot;,&quot;sizes&quot;:[]},&quot;_transform_translateX_effect_mobile&quot;:{&quot;unit&quot;:&quot;px&quot;,&quot;size&quot;:&quot;&quot;,&quot;sizes&quot;:[]},&quot;_transform_translateY_effect&quot;:{&quot;unit&quot;:&quot;px&quot;,&quot;size&quot;:&quot;&quot;,&quot;sizes&quot;:[]},&quot;_transform_translateY_effect_tablet&quot;:{&quot;unit&quot;:&quot;px&quot;,&quot;size&quot;:&quot;&quot;,&quot;sizes&quot;:[]},&quot;_transform_translateY_effect_mobile&quot;:{&quot;unit&quot;:&quot;px&quot;,&quot;size&quot;:&quot;&quot;,&quot;sizes&quot;:[]}}\" data-widget_type=\"thegem-styled-textbox.default\">\n\t\t\t\t<div class=\"elementor-widget-container\">\n\t\t\t\t\t\n<div class=\"gem-textbox styled-textbox-basic\">\n\n\t\n\t\t<div class=\"gem-textbox-top gem-textbox-top-none default-fill\">\n\t\t\t\t\t<\/div>\n\t\n\t<div class=\"gem-textbox-inner\">\n\n\t\t<div class=\"gem-textbox-content default-background icon-top gem-textbox-icon-image-wrapping-none\">\n\n\t\t\t\t\t\t\t<div class=\"gem-texbox-icon-image-wrapper\">\n\n\t\t\t\t\t\t\t\t\t\t\t<div class=\"gem-image\">\n\t\t\t\t\t\t\t<span>\n\t\t\t\t\t\t\t\t<img width=\"297\" height=\"134\" src=\"https:\/\/golden-riviera.com\/wp-content\/uploads\/2025\/12\/grp-vagues.png\" class=\"attachment-large size-large wp-image-9637\" alt=\"\" \/>\t\t\t\t\t\t\t<\/span>\n\t\t\t\t\t\t<\/div>\n\n\t\t\t\t\t\n\t\t\t\t\t\n\t\t\t\t<\/div>\n\t\t\t\n\t\t\t<div class=\"gem-texbox-text-wrapper\">\n\n\t\t\t\t\t\t\t\t\t\n\t\t\t\t\t\t<h4 class=\"gem-textbox-title title-h4 bold\">\n\t\t\t\t\t\t\t\u6cd5\u5f8b\u4fe1\u606f\t\t\t\t\t\t<\/h4>\n\n\t\t\t\t\t\n\t\t\t\t\t\n\t\t\t\t\t\t<div class=\"gem-textbox-description gem-text-output\">\n\t\t\t\t\t\t\t<p>\u6839\u636e\u300a\u6570\u5b57\u7ecf\u6d4e\u4fe1\u5fc3\u6cd5\u300b\u7b2c6-III\u6761\u548c\u7b2c19\u6761\u7684\u89c4\u5b9a\uff0c\u4ee5\u53ca2017\u5e741\u670810\u65e5\u9881\u5e03\u7684\u5173\u4e8e\u623f\u4ea7\u4ea4\u6613\u4e2d\u4e13\u4e1a\u4eba\u58eb\u63d0\u4f9b\u6d88\u8d39\u8005\u4fe1\u606f\u7684\u6cd5\u4ee4\u3002\u8bf7\u6ce8\u610f\uff0c\u6211\u4eec\u7684\u4ef7\u76ee\u8868\u53ef\u5728\u6211\u4eec\u7684\u7f51\u7ad9\u4e0a\u67e5\u9605\uff0c\u4e5f\u53ef\u901a\u8fc7\u7535\u5b50\u90ae\u4ef6\u3001\u90ae\u5bc4\u3001\u7535\u8bdd\u6216\u8054\u7cfb\u680f\u7d22\u53d6\u3002.<\/p><p style=\"text-align: center\"><strong>1 - \u7f51\u7ad9\u7f16\u8f91\u5668<\/strong><\/p><p>Golden Riviera Properties \u662f\u4e00\u5bb6\u6709\u9650\u8d23\u4efb\u516c\u53f8\uff08SARL\uff09\uff0c\u80a1\u672c\u4e3a 5,000 \u6b27\u5143\uff0c\u6ce8\u518c\u5730\u5740\u4e3a \uff1a<\/p><p>\u91d1\u8272\u91cc\u7ef4\u57c3\u62c9\u623f\u4ea7<br \/>\u65af\u5927\u6797\u683c\u52d2\u5927\u9053 50 \u53f7\uff0c03 \u529e\u516c\u5ba4<br \/>06100 - \u5c3c\u65af<br \/>\u6cd5\u56fd<\/p><p>\u5728\u5c3c\u65af RCS \u6ce8\u518c \uff1a<br \/>SIRET : 320 864 00022<br \/>APE \u4ee3\u7801\uff1a 6831Z<br \/>\u589e\u503c\u7a0e\u53f7\uff1aFR92890320864<\/p><p>\u8d22\u52a1\u62c5\u4fdd \uff1a<br \/>\u4ea4\u6613\uff1a12 \u4e07\u6b27\u5143<br \/>\u7ba1\u7406\u5c42\uff1a12 \u4e07\u6b27\u5143<br \/>RCP : MMA<\/p><p>\u4ee3\u8868\uff1aFleur VON PROHASKA \u5973\u58eb\uff08\u4e3b\u5e2d\u517c\u51fa\u7248\u7ecf\u7406\uff09<br \/>\u540d\u7247\uff1a06052020000045\uff08\u7531\u6ee8\u6d77\u963f\u5c14\u5351\u65af\u5927\u533a\u5de5\u5546\u4f1a\u9881\u53d1\uff09<br \/>\u7535\u5b50\u90ae\u4ef6 : fleur@golden-riviera.com<br \/>\u7535\u8bdd\uff1a+33 6 76 65 84 17<\/p><p>\u00a0<\/p><p><strong>2 - \u7f51\u7ad9\u4e3b\u673a<\/strong><\/p><p>golden-riviera.com \u7f51\u7ad9\u7531 Infomaniak \u6258\u7ba1<\/p><p>\u90ae\u653f\u5730\u5740<br \/>Infomaniak Network SA<br \/>\u6b27\u4ec1-\u9a6c\u5c14\u5947\u4e9a\u8bfa\u8def 25 \u53f7<br \/>1227 Les Acacias (GE)<\/p><p>\u4e1c\u9053\u65b9\u5730\u5740 \uff1a<br \/>www.infomaniak.com<\/p><p>\u865a\u62df\u4e3b\u673a\u7684\u8be6\u7ec6\u8054\u7cfb\u4fe1\u606f\u53ef\u5728\u5176\u7f51\u7ad9\u4e0a\u67e5\u9605\u3002.<\/p><p><strong>3 - \u4e2a\u4eba\u6570\u636e\u7684\u5904\u7406<\/strong><\/p><p>\u4f7f\u7528\u672c\u7f51\u7ad9\u987b\u9075\u5b88\u4ee5\u4e0b\u6761\u4ef6\u3002\u8bbf\u95ee\u548c\u6d4f\u89c8\u672c\u7f51\u7ad9\u5373\u8868\u793a\u63a5\u53d7\u8fd9\u4e9b\u6761\u4ef6\uff1a<\/p><p>\u7f51\u7ad9\uff1a\u6307\u60a8\u901a\u8fc7\u4e92\u8054\u7f51\u6d4f\u89c8\u5668\u8bbf\u95ee\u7684\u7f51\u7ad9\u3002<\/p><p>\u4ee3\u7406\u673a\u6784\uff1a\u6307\u7f51\u7ad9\u4e0a\u7684\u623f\u5730\u4ea7\u4ee3\u7406\u673a\u6784\uff0c\u8d1f\u8d23\u53d1\u5e03\u5e7f\u544a\u5e76\u6536\u96c6\u4e92\u8054\u7f51\u7528\u6237\u5728\u8054\u7cfb\u8868\u683c\u4e0a\u8f93\u5165\u7684\u6570\u636e\u3002.<\/p><p>\u672c\u7f51\u7ad9\u53ef\u80fd\u4f1a\u6536\u96c6\u4ee5\u4e0b\u4e2a\u4eba\u6570\u636e\uff1a<\/p><p>CookiesCookies \u5728\u60a8\u4f7f\u7528\u672c\u7f51\u7ad9\u65f6\u4f7f\u7528\uff0c\u4ee5\u4fbf\u6536\u96c6\u67d0\u4e9b\u4fe1\u606f\uff08\u7279\u522b\u662f\u60a8\u7684 IP \u5730\u5740\u3001\u4e0e\u6d4f\u89c8\u6240\u7528\u8ba1\u7b97\u673a\u6709\u5173\u7684\u4fe1\u606f\u3001\u8fde\u63a5\u65b9\u5f0f\u3001\u4e92\u8054\u7f51\u6d4f\u89c8\u5668\u7684\u7c7b\u578b\u548c\u7248\u672c\u3001\u64cd\u4f5c\u7cfb\u7edf\u548c\u5176\u4ed6\u6280\u672f\u6807\u8bc6\u7b26\u6216\u8fde\u63a5\u7684 URL \u5730\u5740\uff0c\u5305\u62ec\u65e5\u671f\u548c\u65f6\u95f4\u4ee5\u53ca\u8bbf\u95ee\u7684\u5185\u5bb9\uff09\u3002\u60a8\u53ef\u4ee5\u901a\u8fc7\u6d4f\u89c8\u5668\u8bbe\u7f6e\u505c\u7528 cookies\u3002.<br \/>\u8054\u7cfb\u8868\uff1a\u5f53\u60a8\u586b\u5199\u8054\u7cfb\u8868\u65f6\uff0c\u6211\u4eec\u4f1a\u6536\u96c6\u60a8\u7684\u59d3\u3001\u540d\u3001\u7535\u5b50\u90ae\u4ef6\u5730\u5740\u548c\u60a8\u7684\u4fe1\u606f\u3002.<\/p><p>\u60a8\u4e2a\u4eba\u6570\u636e\u7684\u4e3b\u8981\u7528\u9014\u5982\u4e0b\uff1a<\/p><p>\u7ba1\u7406\u6211\u4eec\u4e0e\u60a8\u7684\u5173\u7cfb \uff1b ;<br \/>\u6839\u636e\u60a8\u7684\u6d4f\u89c8\u5386\u53f2\u3001\u504f\u597d\u548c\u5174\u8da3\uff0c\u63d0\u4f9b\u4e2a\u6027\u5316\u7684\u5185\u5bb9\u548c\u670d\u52a1\uff1b ;<\/p><p>\u5982\u679c\u67d0\u4e9b\u4fe1\u606f\u662f\u8bbf\u95ee\u672c\u7f51\u7ad9\u7279\u5b9a\u529f\u80fd\u6240\u5fc5\u987b\u7684\uff0c\u5219\u5728\u8f93\u5165\u6570\u636e\u65f6\u4f1a\u6ce8\u660e\u5176\u5f3a\u5236\u6027\u3002\u5982\u679c\u60a8\u62d2\u7edd\u63d0\u4f9b\u5f3a\u5236\u6027\u4fe1\u606f\uff0c\u5219\u53ef\u80fd\u65e0\u6cd5\u8bbf\u95ee\u672c\u7f51\u7ad9\u7684\u67d0\u4e9b\u670d\u52a1\u3001\u529f\u80fd\u6216\u90e8\u5206\u3002.<\/p><p>\u60a8\u7684\u4e2a\u4eba\u4fe1\u606f\u5c06\u4fdd\u5b58\u4e0d\u8d85\u8fc7 36 \u4e2a\u6708\uff0c\u9664\u975e......\uff1a<\/p><p>\u5728\u4e0b\u8ff0\u6761\u4ef6\u4e0b\uff0c\u60a8\u53ef\u4ee5\u884c\u4f7f\u6cd5\u5f8b\u8d4b\u4e88\u60a8\u7684\u6743\u5229\u4e4b\u4e00\uff1b ;<br \/>\u6cd5\u5f8b\u6216\u76d1\u7ba1\u89c4\u5b9a\u6388\u6743\u6216\u89c4\u5b9a\u4e86\u66f4\u957f\u7684\u4fdd\u7559\u671f\u9650\uff1b ;<br \/>\u5982\u679c\u60a8\u7ee7\u7eed\u4fdd\u6301\u5546\u4e1a\u5173\u7cfb\uff0c\u6b64\u79df\u7ea6\u53ef\u4ee5\u7eed\u7b7e\u3002.<\/p><p>\u5728\u6b64\u671f\u95f4\uff0c\u7f51\u7ad9\u5c06\u91c7\u53d6\u7ec4\u7ec7\u3001\u8f6f\u4ef6\u3001\u6cd5\u5f8b\u3001\u6280\u672f\u548c\u7269\u7406\u624b\u6bb5\uff0c\u786e\u4fdd\u60a8\u4e2a\u4eba\u6570\u636e\u7684\u4fdd\u5bc6\u6027\u548c\u5b89\u5168\u6027\uff0c\u4ee5\u9632\u6b62\u6570\u636e\u88ab\u672a\u7ecf\u6388\u6743\u7684\u7b2c\u4e09\u65b9\u635f\u574f\u3001\u5220\u9664\u6216\u8bbf\u95ee\u3002.<\/p><p>\u00a0<\/p><p><strong>4 - cookies \u7684\u4f7f\u7528<\/strong><\/p><p>\u4ec0\u4e48\u662f cookie\uff1f<\/p><p>Cookie \u662f\u4e00\u79cd\u5c0f\u6587\u672c\u6587\u4ef6\uff0c\u5f53\u4f60\u8bbf\u95ee\u7f51\u7ad9\u65f6\uff0c\u7f51\u7ad9\u4f1a\u4fdd\u5b58\u5728\u4f60\u7684\u7535\u8111\u6216\u79fb\u52a8\u8bbe\u5907\u4e0a\u3002\u5b83\u80fd\u8ba9\u8fd9\u4e9b\u7f51\u7ad9\u5728\u4e00\u5b9a\u65f6\u95f4\u5185\u8bb0\u4f4f\u60a8\u7684\u64cd\u4f5c\u548c\u504f\u597d\uff08\u7528\u6237\u540d\u3001\u8bed\u8a00\u3001\u5b57\u4f53\u5927\u5c0f\u548c\u5176\u4ed6\u663e\u793a\u8bbe\u7f6e\uff09\uff0c\u8fd9\u6837\u60a8\u6bcf\u6b21\u8bbf\u95ee\u8fd9\u4e9b\u7f51\u7ad9\u6216\u4ece\u4e00\u4e2a\u9875\u9762\u6d4f\u89c8\u5230\u53e6\u4e00\u4e2a\u9875\u9762\u65f6\uff0c\u5c31\u4e0d\u5fc5\u91cd\u65b0\u8f93\u5165\u8fd9\u4e9b\u4fe1\u606f\u3002.<\/p><p>\u5982\u4f55\u505c\u7528 cookie\uff1f<\/p><p>\u60a8\u53ef\u4ee5\u968f\u5fc3\u6240\u6b32\u5730\u63a7\u5236\u548c\/\u6216\u5220\u9664 cookie\u3002\u8981\u4e86\u89e3\u66f4\u591a\u4fe1\u606f\uff0c\u8bf7\u8bbf\u95ee <a href=\"http:\/\/www.aboutcookies.org\/\">\u5173\u4e8e Cookies.org<\/a>. .\u60a8\u53ef\u4ee5\u5220\u9664\u5df2\u5b58\u50a8\u5728\u8ba1\u7b97\u673a\u4e0a\u7684\u6240\u6709 cookies\uff0c\u5e76\u5bf9\u5927\u591a\u6570\u6d4f\u89c8\u5668\u8fdb\u884c\u914d\u7f6e\u4ee5\u963b\u6b62\u5b83\u4eec\u3002\u4e0d\u8fc7\uff0c\u5728\u8fd9\u79cd\u60c5\u51b5\u4e0b\uff0c\u60a8\u53ef\u80fd\u4e0d\u5f97\u4e0d\u5728\u6bcf\u6b21\u8bbf\u95ee\u7f51\u7ad9\u65f6\u90fd\u81ea\u5df1\u6307\u5b9a\u67d0\u4e9b\u504f\u597d\uff0c\u800c\u4e14\u53ef\u80fd\u65e0\u6cd5\u8bbf\u95ee\u67d0\u4e9b\u670d\u52a1\u548c\u529f\u80fd\u3002.<\/p><p>\u6211\u4eec\u4e3a\u4ec0\u4e48\u4f7f\u7528 cookie\uff1f<\/p><p>\u6211\u4eec\u4f7f\u7528 cookie \u6765<\/p><p>\u5728\u6d4f\u89c8\u7f51\u7ad9\u65f6\u7ba1\u7406\u60a8\u7684\u504f\u597d\u8bbe\u7f6e<\/p><p>\u6539\u8fdb\u6211\u4eec\u7684\u670d\u52a1\u5e76\u5bf9\u53d7\u4f17\u8fdb\u884c\u6d4b\u91cf<\/p><p>\u7b2c\u4e09\u65b9\u5e94\u7528\u7a0b\u5e8f\u53ef\u80fd\u4f1a\u6dfb\u52a0\u5176\u4ed6 cookies\uff0c\u5982\u793e\u4ea4\u7f51\u7edc\u5171\u4eab\u6309\u94ae\u3002.<\/p>\t\t\t\t\t\t<\/div>\n\n\t\t\t\t\t\n\t\t\t\t\n\t\t\t\t\n\t\t\t<\/div>\n\n\t\t<\/div>\n\n\t<\/div>\n\n\t\n\t\t<div class=\"gem-textbox-bottom gem-textbox-bottom-none default-fill\">\n\t\t\t\t<\/div>\n\t\n\t\n<\/div>\n\t\t\t\t<\/div>\n\t\t\t\t<\/div>\n\t\t\t\t\t<\/div>\n\t\t<\/div>\n\t\t\t\t\t<\/div><\/div>\r\n\t\t<\/section>\r\n\t\t\t\t<\/div>","protected":false},"excerpt":{"rendered":"<p>MENTIONS LEGALES Conform\u00e9ment aux dispositions des articles 6-III et 19 de la loi pour la Confiance dans l&rsquo;\u00c9conomie Num\u00e9rique, ainsi&#8230;<\/p>","protected":false},"author":1,"featured_media":0,"parent":0,"menu_order":0,"comment_status":"closed","ping_status":"closed","template":"page-fullwidth.php","meta":{"_acf_changed":false,"footnotes":""},"class_list":["post-26606","page","type-page","status-publish"],"acf":[],"jetpack_sharing_enabled":true,"_links":{"self":[{"href":"https:\/\/golden-riviera.com\/zh\/wp-json\/wp\/v2\/pages\/26606","targetHints":{"allow":["GET"]}}],"collection":[{"href":"https:\/\/golden-riviera.com\/zh\/wp-json\/wp\/v2\/pages"}],"about":[{"href":"https:\/\/golden-riviera.com\/zh\/wp-json\/wp\/v2\/types\/page"}],"author":[{"embeddable":true,"href":"https:\/\/golden-riviera.com\/zh\/wp-json\/wp\/v2\/users\/1"}],"replies":[{"embeddable":true,"href":"https:\/\/golden-riviera.com\/zh\/wp-json\/wp\/v2\/comments?post=26606"}],"version-history":[{"count":82,"href":"https:\/\/golden-riviera.com\/zh\/wp-json\/wp\/v2\/pages\/26606\/revisions"}],"predecessor-version":[{"id":26697,"href":"https:\/\/golden-riviera.com\/zh\/wp-json\/wp\/v2\/pages\/26606\/revisions\/26697"}],"wp:attachment":[{"href":"https:\/\/golden-riviera.com\/zh\/wp-json\/wp\/v2\/media?parent=26606"}],"curies":[{"name":"wp","href":"https:\/\/api.w.org\/{rel}","templated":true}]}}